{"id":252,"date":"2021-08-18T05:35:45","date_gmt":"2021-08-18T05:35:45","guid":{"rendered":"https:\/\/dominiodeprueba222.cloud\/index.php\/about\/"},"modified":"2023-10-03T07:54:29","modified_gmt":"2023-10-03T07:54:29","slug":"about","status":"publish","type":"page","link":"https:\/\/dominiodeprueba222.cloud\/index.php\/about\/","title":{"rendered":"About"},"content":{"rendered":"\t\t<div data-elementor-type=\"wp-page\" data-elementor-id=\"252\" class=\"elementor elementor-252\">\n\t\t\t\t\t\t<section class=\"elementor-section elementor-top-section elementor-element elementor-element-95eebdf elementor-section-boxed elementor-section-height-default elementor-section-height-default\" data-id=\"95eebdf\" data-element_type=\"section\" data-settings=\"{&quot;background_background&quot;:&quot;classic&quot;}\">\n\t\t\t\t\t\t<div class=\"elementor-container elementor-column-gap-no\">\n\t\t\t\t\t<div class=\"elementor-column elementor-col-100 elementor-top-column elementor-element elementor-element-3700ce5\" data-id=\"3700ce5\" data-element_type=\"column\">\n\t\t\t<div class=\"elementor-widget-wrap elementor-element-populated\">\n\t\t\t\t\t\t<section class=\"elementor-section elementor-inner-section elementor-element elementor-element-ebc51e3 elementor-section-boxed elementor-section-height-default elementor-section-height-default\" data-id=\"ebc51e3\" data-element_type=\"section\">\n\t\t\t\t\t\t<div class=\"elementor-container elementor-column-gap-no\">\n\t\t\t\t\t<div class=\"elementor-column elementor-col-33 elementor-inner-column elementor-element elementor-element-caa43ea\" data-id=\"caa43ea\" data-element_type=\"column\">\n\t\t\t<div class=\"elementor-widget-wrap elementor-element-populated\">\n\t\t\t\t\t\t<div class=\"elementor-element elementor-element-4e4a19d elementor-widget elementor-widget-heading\" data-id=\"4e4a19d\" data-element_type=\"widget\" data-widget_type=\"heading.default\">\n\t\t\t\t<div class=\"elementor-widget-container\">\n\t\t\t\t\t<h1 class=\"elementor-heading-title elementor-size-default\">Sobre nosotros<\/h1>\t\t\t\t<\/div>\n\t\t\t\t<\/div>\n\t\t\t\t\t<\/div>\n\t\t<\/div>\n\t\t\t\t<div class=\"elementor-column elementor-col-66 elementor-inner-column elementor-element elementor-element-fc22abd\" data-id=\"fc22abd\" data-element_type=\"column\">\n\t\t\t<div class=\"elementor-widget-wrap elementor-element-populated\">\n\t\t\t\t\t\t<div class=\"elementor-element elementor-element-c80e5db elementor-widget-divider--view-line elementor-widget elementor-widget-divider\" data-id=\"c80e5db\" data-element_type=\"widget\" data-widget_type=\"divider.default\">\n\t\t\t\t<div class=\"elementor-widget-container\">\n\t\t\t\t\t\t\t<div class=\"elementor-divider\">\n\t\t\t<span class=\"elementor-divider-separator\">\n\t\t\t\t\t\t<\/span>\n\t\t<\/div>\n\t\t\t\t\t\t<\/div>\n\t\t\t\t<\/div>\n\t\t\t\t<div class=\"elementor-element elementor-element-da46fbf elementor-widget elementor-widget-heading\" data-id=\"da46fbf\" data-element_type=\"widget\" data-widget_type=\"heading.default\">\n\t\t\t\t<div class=\"elementor-widget-container\">\n\t\t\t\t\t<h3 class=\"elementor-heading-title elementor-size-default\">C\u00f3mo Disfrutar el Caf\u00e9 de Oaxaca\n\n<\/h3>\t\t\t\t<\/div>\n\t\t\t\t<\/div>\n\t\t\t\t<div class=\"elementor-element elementor-element-41fbad1 elementor-widget elementor-widget-text-editor\" data-id=\"41fbad1\" data-element_type=\"widget\" data-widget_type=\"text-editor.default\">\n\t\t\t\t<div class=\"elementor-widget-container\">\n\t\t\t\t\t\t\t\t\t<p>Para disfrutar plenamente de la riqueza de este caf\u00e9, te recomendamos prepararlo en m\u00e9todos de filtrado, como la prensa francesa o el Chemex, que resaltan sus sabores y aromas. Y no olvides acompa\u00f1arlo con los deliciosos platillos tradicionales de la regi\u00f3n, como el mole oaxaque\u00f1o, para una experiencia culinaria verdaderamente aut\u00e9ntica.<\/p>\t\t\t\t\t\t\t\t<\/div>\n\t\t\t\t<\/div>\n\t\t\t\t\t<\/div>\n\t\t<\/div>\n\t\t\t\t\t<\/div>\n\t\t<\/section>\n\t\t\t\t<div class=\"elementor-element elementor-element-bd1ab7b elementor-widget elementor-widget-video\" data-id=\"bd1ab7b\" data-element_type=\"widget\" data-settings=\"{&quot;youtube_url&quot;:&quot;https:\\\/\\\/www.youtube.com\\\/watch?v=h20U7Mtev6o&quot;,&quot;lazy_load&quot;:&quot;yes&quot;,&quot;show_image_overlay&quot;:&quot;yes&quot;,&quot;image_overlay&quot;:{&quot;url&quot;:&quot;http:\\\/\\\/dominiodeprueba222.cloud\\\/wp-content\\\/uploads\\\/2023\\\/10\\\/coffee-beans-1291656_1920.jpg&quot;,&quot;id&quot;:1306,&quot;size&quot;:&quot;&quot;,&quot;alt&quot;:&quot;&quot;,&quot;source&quot;:&quot;library&quot;},&quot;video_type&quot;:&quot;youtube&quot;,&quot;controls&quot;:&quot;yes&quot;}\" data-widget_type=\"video.default\">\n\t\t\t\t<div class=\"elementor-widget-container\">\n\t\t\t\t\t\t\t<div class=\"elementor-wrapper elementor-open-inline\">\n\t\t\t<div class=\"elementor-video\"><\/div>\t\t\t\t<div class=\"elementor-custom-embed-image-overlay\" style=\"background-image: url(https:\/\/dominiodeprueba222.cloud\/wp-content\/uploads\/2023\/10\/coffee-beans-1291656_1920.jpg);\">\n\t\t\t\t\t\t\t\t\t\t\t\t\t\t\t\t<div class=\"elementor-custom-embed-play\" role=\"button\" aria-label=\"Reproducir video\" tabindex=\"0\">\n\t\t\t\t\t\t\t<i aria-hidden=\"true\" class=\"eicon-play\"><\/i>\t\t\t\t\t\t<\/div>\n\t\t\t\t\t\t\t\t\t<\/div>\n\t\t\t\t\t<\/div>\n\t\t\t\t\t\t<\/div>\n\t\t\t\t<\/div>\n\t\t\t\t<section class=\"elementor-section elementor-inner-section elementor-element elementor-element-55b0cc5 elementor-section-boxed elementor-section-height-default elementor-section-height-default\" data-id=\"55b0cc5\" data-element_type=\"section\">\n\t\t\t\t\t\t<div class=\"elementor-container elementor-column-gap-no\">\n\t\t\t\t\t<div class=\"elementor-column elementor-col-33 elementor-inner-column elementor-element elementor-element-e7a22fd\" data-id=\"e7a22fd\" data-element_type=\"column\">\n\t\t\t<div class=\"elementor-widget-wrap elementor-element-populated\">\n\t\t\t\t\t\t<div class=\"elementor-element elementor-element-843a15a elementor-widget elementor-widget-heading\" data-id=\"843a15a\" data-element_type=\"widget\" data-widget_type=\"heading.default\">\n\t\t\t\t<div class=\"elementor-widget-container\">\n\t\t\t\t\t<h6 class=\"elementor-heading-title elementor-size-default\">Compromiso con la Sostenibilidad\n\n<\/h6>\t\t\t\t<\/div>\n\t\t\t\t<\/div>\n\t\t\t\t\t<\/div>\n\t\t<\/div>\n\t\t\t\t<div class=\"elementor-column elementor-col-66 elementor-inner-column elementor-element elementor-element-c1e118e\" data-id=\"c1e118e\" data-element_type=\"column\">\n\t\t\t<div class=\"elementor-widget-wrap elementor-element-populated\">\n\t\t\t\t\t\t<div class=\"elementor-element elementor-element-6678304 elementor-widget elementor-widget-text-editor\" data-id=\"6678304\" data-element_type=\"widget\" data-widget_type=\"text-editor.default\">\n\t\t\t\t<div class=\"elementor-widget-container\">\n\t\t\t\t\t\t\t\t\t<p>Los productores de caf\u00e9 de Oaxaca se enorgullecen de su compromiso con la sostenibilidad y la agricultura org\u00e1nica. Muchas fincas de caf\u00e9 operan de manera responsable, evitando el uso de qu\u00edmicos da\u00f1inos y promoviendo pr\u00e1cticas agr\u00edcolas respetuosas con el medio ambiente. Al elegir caf\u00e9 de Oaxaca, est\u00e1s apoyando a comunidades locales y a productores que se esfuerzan por mantener un equilibrio entre la producci\u00f3n de caf\u00e9 de alta calidad y la preservaci\u00f3n de la biodiversidad.<\/p>\t\t\t\t\t\t\t\t<\/div>\n\t\t\t\t<\/div>\n\t\t\t\t<div class=\"elementor-element elementor-element-b442604 elementor-view-default elementor-widget elementor-widget-icon\" data-id=\"b442604\" data-element_type=\"widget\" data-widget_type=\"icon.default\">\n\t\t\t\t<div class=\"elementor-widget-container\">\n\t\t\t\t\t\t\t<div class=\"elementor-icon-wrapper\">\n\t\t\t<div class=\"elementor-icon\">\n\t\t\t<i aria-hidden=\"true\" class=\"fas fa-quote-left\"><\/i>\t\t\t<\/div>\n\t\t<\/div>\n\t\t\t\t\t\t<\/div>\n\t\t\t\t<\/div>\n\t\t\t\t<div class=\"elementor-element elementor-element-74ac355 elementor-widget elementor-widget-testimonial\" data-id=\"74ac355\" data-element_type=\"widget\" data-widget_type=\"testimonial.default\">\n\t\t\t\t<div class=\"elementor-widget-container\">\n\t\t\t\t\t\t\t<div class=\"elementor-testimonial-wrapper\">\n\t\t\t\t\t\t\t<div class=\"elementor-testimonial-content\">Massa aliquam montes, odio porttitor sit ac maecenas interdum ut tincidunt nisl erat quam eu natoque in nisl, lobortis sapien in nec ullamcorper vel.<\/div>\n\t\t\t\n\t\t\t\t\t\t<div class=\"elementor-testimonial-meta elementor-has-image elementor-testimonial-image-position-aside\">\n\t\t\t\t<div class=\"elementor-testimonial-meta-inner\">\n\t\t\t\t\t\t\t\t\t\t\t<div class=\"elementor-testimonial-image\">\n\t\t\t\t\t\t\t<img decoding=\"async\" width=\"40\" height=\"40\" src=\"https:\/\/dominiodeprueba222.cloud\/wp-content\/uploads\/2021\/08\/plants-store-owner-avatar-img.jpg\" class=\"attachment-full size-full wp-image-276\" alt=\"\" \/>\t\t\t\t\t\t<\/div>\n\t\t\t\t\t\n\t\t\t\t\t\t\t\t\t\t<div class=\"elementor-testimonial-details\">\n\t\t\t\t\t\t\t\t\t\t\t\t\t\t<div class=\"elementor-testimonial-name\">Emily Evergreen<\/div>\n\t\t\t\t\t\t\t\t\t\t\t\t\t\t\t\t\t\t\t\t\t\t<div class=\"elementor-testimonial-job\">Founder, Owner<\/div>\n\t\t\t\t\t\t\t\t\t\t\t\t\t<\/div>\n\t\t\t\t\t\t\t\t\t<\/div>\n\t\t\t<\/div>\n\t\t\t\t\t<\/div>\n\t\t\t\t\t\t<\/div>\n\t\t\t\t<\/div>\n\t\t\t\t\t<\/div>\n\t\t<\/div>\n\t\t\t\t\t<\/div>\n\t\t<\/section>\n\t\t\t\t<div class=\"elementor-element elementor-element-d628bac gallery-spacing-custom elementor-widget elementor-widget-image-gallery\" data-id=\"d628bac\" data-element_type=\"widget\" data-widget_type=\"image-gallery.default\">\n\t\t\t\t<div class=\"elementor-widget-container\">\n\t\t\t\t\t\t\t<div class=\"elementor-image-gallery\">\n\t\t\t<div id='gallery-1' class='gallery galleryid-252 gallery-columns-3 gallery-size-full'><figure class='gallery-item'>\n\t\t\t<div class='gallery-icon portrait'>\n\t\t\t\t<a data-elementor-open-lightbox=\"yes\" data-elementor-lightbox-slideshow=\"d628bac\" data-elementor-lightbox-title=\"pexels-mikegz-18424335\" data-e-action-hash=\"#elementor-action%3Aaction%3Dlightbox%26settings%3DeyJpZCI6MTMxNiwidXJsIjoiaHR0cHM6XC9cL2RvbWluaW9kZXBydWViYTIyMi5jbG91ZFwvd3AtY29udGVudFwvdXBsb2Fkc1wvMjAyM1wvMTBcL3BleGVscy1taWtlZ3otMTg0MjQzMzUtc2NhbGVkLmpwZyIsInNsaWRlc2hvdyI6ImQ2MjhiYWMifQ%3D%3D\" href='https:\/\/dominiodeprueba222.cloud\/wp-content\/uploads\/2023\/10\/pexels-mikegz-18424335-scaled.jpg'><img fetchpriority=\"high\" decoding=\"async\" width=\"1707\" height=\"2560\" src=\"https:\/\/dominiodeprueba222.cloud\/wp-content\/uploads\/2023\/10\/pexels-mikegz-18424335-scaled.jpg\" class=\"attachment-full size-full\" alt=\"\" srcset=\"https:\/\/dominiodeprueba222.cloud\/wp-content\/uploads\/2023\/10\/pexels-mikegz-18424335-scaled.jpg 1707w, https:\/\/dominiodeprueba222.cloud\/wp-content\/uploads\/2023\/10\/pexels-mikegz-18424335-scaled-600x900.jpg 600w, https:\/\/dominiodeprueba222.cloud\/wp-content\/uploads\/2023\/10\/pexels-mikegz-18424335-200x300.jpg 200w, https:\/\/dominiodeprueba222.cloud\/wp-content\/uploads\/2023\/10\/pexels-mikegz-18424335-683x1024.jpg 683w, https:\/\/dominiodeprueba222.cloud\/wp-content\/uploads\/2023\/10\/pexels-mikegz-18424335-768x1152.jpg 768w, https:\/\/dominiodeprueba222.cloud\/wp-content\/uploads\/2023\/10\/pexels-mikegz-18424335-1024x1536.jpg 1024w, https:\/\/dominiodeprueba222.cloud\/wp-content\/uploads\/2023\/10\/pexels-mikegz-18424335-1365x2048.jpg 1365w\" sizes=\"(max-width: 1707px) 100vw, 1707px\" \/><\/a>\n\t\t\t<\/div><\/figure><figure class='gallery-item'>\n\t\t\t<div class='gallery-icon portrait'>\n\t\t\t\t<a data-elementor-open-lightbox=\"yes\" data-elementor-lightbox-slideshow=\"d628bac\" data-elementor-lightbox-title=\"pexels-nastyasensei-2575835\" data-e-action-hash=\"#elementor-action%3Aaction%3Dlightbox%26settings%3DeyJpZCI6MTMxNywidXJsIjoiaHR0cHM6XC9cL2RvbWluaW9kZXBydWViYTIyMi5jbG91ZFwvd3AtY29udGVudFwvdXBsb2Fkc1wvMjAyM1wvMTBcL3BleGVscy1uYXN0eWFzZW5zZWktMjU3NTgzNS1zY2FsZWQuanBnIiwic2xpZGVzaG93IjoiZDYyOGJhYyJ9\" href='https:\/\/dominiodeprueba222.cloud\/wp-content\/uploads\/2023\/10\/pexels-nastyasensei-2575835-scaled.jpg'><img decoding=\"async\" width=\"1707\" height=\"2560\" src=\"https:\/\/dominiodeprueba222.cloud\/wp-content\/uploads\/2023\/10\/pexels-nastyasensei-2575835-scaled.jpg\" class=\"attachment-full size-full\" alt=\"\" srcset=\"https:\/\/dominiodeprueba222.cloud\/wp-content\/uploads\/2023\/10\/pexels-nastyasensei-2575835-scaled.jpg 1707w, https:\/\/dominiodeprueba222.cloud\/wp-content\/uploads\/2023\/10\/pexels-nastyasensei-2575835-scaled-600x900.jpg 600w, https:\/\/dominiodeprueba222.cloud\/wp-content\/uploads\/2023\/10\/pexels-nastyasensei-2575835-200x300.jpg 200w, https:\/\/dominiodeprueba222.cloud\/wp-content\/uploads\/2023\/10\/pexels-nastyasensei-2575835-683x1024.jpg 683w, https:\/\/dominiodeprueba222.cloud\/wp-content\/uploads\/2023\/10\/pexels-nastyasensei-2575835-768x1152.jpg 768w, https:\/\/dominiodeprueba222.cloud\/wp-content\/uploads\/2023\/10\/pexels-nastyasensei-2575835-1024x1536.jpg 1024w, https:\/\/dominiodeprueba222.cloud\/wp-content\/uploads\/2023\/10\/pexels-nastyasensei-2575835-1365x2048.jpg 1365w\" sizes=\"(max-width: 1707px) 100vw, 1707px\" \/><\/a>\n\t\t\t<\/div><\/figure><figure class='gallery-item'>\n\t\t\t<div class='gallery-icon portrait'>\n\t\t\t\t<a data-elementor-open-lightbox=\"yes\" data-elementor-lightbox-slideshow=\"d628bac\" data-elementor-lightbox-title=\"pexels-viktoria-alipatova-4038866\" data-e-action-hash=\"#elementor-action%3Aaction%3Dlightbox%26settings%3DeyJpZCI6MTMxOSwidXJsIjoiaHR0cHM6XC9cL2RvbWluaW9kZXBydWViYTIyMi5jbG91ZFwvd3AtY29udGVudFwvdXBsb2Fkc1wvMjAyM1wvMTBcL3BleGVscy12aWt0b3JpYS1hbGlwYXRvdmEtNDAzODg2Ni1zY2FsZWQuanBnIiwic2xpZGVzaG93IjoiZDYyOGJhYyJ9\" href='https:\/\/dominiodeprueba222.cloud\/wp-content\/uploads\/2023\/10\/pexels-viktoria-alipatova-4038866-scaled.jpg'><img loading=\"lazy\" decoding=\"async\" width=\"1920\" height=\"2560\" src=\"https:\/\/dominiodeprueba222.cloud\/wp-content\/uploads\/2023\/10\/pexels-viktoria-alipatova-4038866-scaled.jpg\" class=\"attachment-full size-full\" alt=\"\" srcset=\"https:\/\/dominiodeprueba222.cloud\/wp-content\/uploads\/2023\/10\/pexels-viktoria-alipatova-4038866-scaled.jpg 1920w, https:\/\/dominiodeprueba222.cloud\/wp-content\/uploads\/2023\/10\/pexels-viktoria-alipatova-4038866-scaled-600x800.jpg 600w, https:\/\/dominiodeprueba222.cloud\/wp-content\/uploads\/2023\/10\/pexels-viktoria-alipatova-4038866-225x300.jpg 225w, https:\/\/dominiodeprueba222.cloud\/wp-content\/uploads\/2023\/10\/pexels-viktoria-alipatova-4038866-768x1024.jpg 768w, https:\/\/dominiodeprueba222.cloud\/wp-content\/uploads\/2023\/10\/pexels-viktoria-alipatova-4038866-1152x1536.jpg 1152w, https:\/\/dominiodeprueba222.cloud\/wp-content\/uploads\/2023\/10\/pexels-viktoria-alipatova-4038866-1536x2048.jpg 1536w\" sizes=\"(max-width: 1920px) 100vw, 1920px\" \/><\/a>\n\t\t\t<\/div><\/figure><figure class='gallery-item'>\n\t\t\t<div class='gallery-icon portrait'>\n\t\t\t\t<a data-elementor-open-lightbox=\"yes\" data-elementor-lightbox-slideshow=\"d628bac\" data-elementor-lightbox-title=\"pexels-esranur-kalay-10276927\" data-e-action-hash=\"#elementor-action%3Aaction%3Dlightbox%26settings%3DeyJpZCI6MTMyMCwidXJsIjoiaHR0cHM6XC9cL2RvbWluaW9kZXBydWViYTIyMi5jbG91ZFwvd3AtY29udGVudFwvdXBsb2Fkc1wvMjAyM1wvMTBcL3BleGVscy1lc3JhbnVyLWthbGF5LTEwMjc2OTI3LXNjYWxlZC5qcGciLCJzbGlkZXNob3ciOiJkNjI4YmFjIn0%3D\" href='https:\/\/dominiodeprueba222.cloud\/wp-content\/uploads\/2023\/10\/pexels-esranur-kalay-10276927-scaled.jpg'><img loading=\"lazy\" decoding=\"async\" width=\"1920\" height=\"2560\" src=\"https:\/\/dominiodeprueba222.cloud\/wp-content\/uploads\/2023\/10\/pexels-esranur-kalay-10276927-scaled.jpg\" class=\"attachment-full size-full\" alt=\"\" srcset=\"https:\/\/dominiodeprueba222.cloud\/wp-content\/uploads\/2023\/10\/pexels-esranur-kalay-10276927-scaled.jpg 1920w, https:\/\/dominiodeprueba222.cloud\/wp-content\/uploads\/2023\/10\/pexels-esranur-kalay-10276927-scaled-600x800.jpg 600w, https:\/\/dominiodeprueba222.cloud\/wp-content\/uploads\/2023\/10\/pexels-esranur-kalay-10276927-225x300.jpg 225w, https:\/\/dominiodeprueba222.cloud\/wp-content\/uploads\/2023\/10\/pexels-esranur-kalay-10276927-768x1024.jpg 768w, https:\/\/dominiodeprueba222.cloud\/wp-content\/uploads\/2023\/10\/pexels-esranur-kalay-10276927-1152x1536.jpg 1152w, https:\/\/dominiodeprueba222.cloud\/wp-content\/uploads\/2023\/10\/pexels-esranur-kalay-10276927-1536x2048.jpg 1536w\" sizes=\"(max-width: 1920px) 100vw, 1920px\" \/><\/a>\n\t\t\t<\/div><\/figure><figure class='gallery-item'>\n\t\t\t<div class='gallery-icon portrait'>\n\t\t\t\t<a data-elementor-open-lightbox=\"yes\" data-elementor-lightbox-slideshow=\"d628bac\" data-elementor-lightbox-title=\"pexels-emre-\u00f6zt\u00fcrk-18424145\" data-e-action-hash=\"#elementor-action%3Aaction%3Dlightbox%26settings%3DeyJpZCI6MTMyMSwidXJsIjoiaHR0cHM6XC9cL2RvbWluaW9kZXBydWViYTIyMi5jbG91ZFwvd3AtY29udGVudFwvdXBsb2Fkc1wvMjAyM1wvMTBcL3BleGVscy1lbXJlLW96dHVyay0xODQyNDE0NS1zY2FsZWQuanBnIiwic2xpZGVzaG93IjoiZDYyOGJhYyJ9\" href='https:\/\/dominiodeprueba222.cloud\/wp-content\/uploads\/2023\/10\/pexels-emre-ozturk-18424145-scaled.jpg'><img loading=\"lazy\" decoding=\"async\" width=\"1707\" height=\"2560\" src=\"https:\/\/dominiodeprueba222.cloud\/wp-content\/uploads\/2023\/10\/pexels-emre-ozturk-18424145-scaled.jpg\" class=\"attachment-full size-full\" alt=\"\" srcset=\"https:\/\/dominiodeprueba222.cloud\/wp-content\/uploads\/2023\/10\/pexels-emre-ozturk-18424145-scaled.jpg 1707w, https:\/\/dominiodeprueba222.cloud\/wp-content\/uploads\/2023\/10\/pexels-emre-ozturk-18424145-scaled-600x900.jpg 600w, https:\/\/dominiodeprueba222.cloud\/wp-content\/uploads\/2023\/10\/pexels-emre-ozturk-18424145-200x300.jpg 200w, https:\/\/dominiodeprueba222.cloud\/wp-content\/uploads\/2023\/10\/pexels-emre-ozturk-18424145-683x1024.jpg 683w, https:\/\/dominiodeprueba222.cloud\/wp-content\/uploads\/2023\/10\/pexels-emre-ozturk-18424145-768x1152.jpg 768w, https:\/\/dominiodeprueba222.cloud\/wp-content\/uploads\/2023\/10\/pexels-emre-ozturk-18424145-1024x1536.jpg 1024w, https:\/\/dominiodeprueba222.cloud\/wp-content\/uploads\/2023\/10\/pexels-emre-ozturk-18424145-1365x2048.jpg 1365w\" sizes=\"(max-width: 1707px) 100vw, 1707px\" \/><\/a>\n\t\t\t<\/div><\/figure><figure class='gallery-item'>\n\t\t\t<div class='gallery-icon portrait'>\n\t\t\t\t<a data-elementor-open-lightbox=\"yes\" data-elementor-lightbox-slideshow=\"d628bac\" data-elementor-lightbox-title=\"pexels-studio-naae-18389086\" data-e-action-hash=\"#elementor-action%3Aaction%3Dlightbox%26settings%3DeyJpZCI6MTMyMiwidXJsIjoiaHR0cHM6XC9cL2RvbWluaW9kZXBydWViYTIyMi5jbG91ZFwvd3AtY29udGVudFwvdXBsb2Fkc1wvMjAyM1wvMTBcL3BleGVscy1zdHVkaW8tbmFhZS0xODM4OTA4Ni1zY2FsZWQuanBnIiwic2xpZGVzaG93IjoiZDYyOGJhYyJ9\" href='https:\/\/dominiodeprueba222.cloud\/wp-content\/uploads\/2023\/10\/pexels-studio-naae-18389086-scaled.jpg'><img loading=\"lazy\" decoding=\"async\" width=\"1920\" height=\"2560\" src=\"https:\/\/dominiodeprueba222.cloud\/wp-content\/uploads\/2023\/10\/pexels-studio-naae-18389086-scaled.jpg\" class=\"attachment-full size-full\" alt=\"\" srcset=\"https:\/\/dominiodeprueba222.cloud\/wp-content\/uploads\/2023\/10\/pexels-studio-naae-18389086-scaled.jpg 1920w, https:\/\/dominiodeprueba222.cloud\/wp-content\/uploads\/2023\/10\/pexels-studio-naae-18389086-scaled-600x800.jpg 600w, https:\/\/dominiodeprueba222.cloud\/wp-content\/uploads\/2023\/10\/pexels-studio-naae-18389086-225x300.jpg 225w, https:\/\/dominiodeprueba222.cloud\/wp-content\/uploads\/2023\/10\/pexels-studio-naae-18389086-768x1024.jpg 768w, https:\/\/dominiodeprueba222.cloud\/wp-content\/uploads\/2023\/10\/pexels-studio-naae-18389086-1152x1536.jpg 1152w, https:\/\/dominiodeprueba222.cloud\/wp-content\/uploads\/2023\/10\/pexels-studio-naae-18389086-1536x2048.jpg 1536w\" sizes=\"(max-width: 1920px) 100vw, 1920px\" \/><\/a>\n\t\t\t<\/div><\/figure>\n\t\t<\/div>\n\t\t<\/div>\n\t\t\t\t\t\t<\/div>\n\t\t\t\t<\/div>\n\t\t\t\t\t<\/div>\n\t\t<\/div>\n\t\t\t\t\t<\/div>\n\t\t<\/section>\n\t\t\t\t<\/div>\n\t\t","protected":false},"excerpt":{"rendered":"<p>Sobre nosotros C\u00f3mo Disfrutar el Caf\u00e9 de Oaxaca Para disfrutar plenamente de la riqueza de este caf\u00e9, te recomendamos prepararlo en m\u00e9todos de filtrado, como la prensa francesa o el Chemex, que resaltan sus sabores y aromas. Y no olvides acompa\u00f1arlo con los deliciosos platillos tradicionales de la regi\u00f3n, como el mole oaxaque\u00f1o, para una [&hellip;]<\/p>\n","protected":false},"author":1,"featured_media":0,"parent":0,"menu_order":0,"comment_status":"closed","ping_status":"closed","template":"","meta":{"site-sidebar-layout":"no-sidebar","site-content-layout":"page-builder","ast-site-content-layout":"","site-content-style":"default","site-sidebar-style":"default","ast-global-header-display":"","ast-banner-title-visibility":"","ast-main-header-display":"","ast-hfb-above-header-display":"","ast-hfb-below-header-display":"","ast-hfb-mobile-header-display":"","site-post-title":"disabled","ast-breadcrumbs-content":"disabled","ast-featured-img":"disabled","footer-sml-layout":"","theme-transparent-header-meta":"default","adv-header-id-meta":"","stick-header-meta":"","header-above-stick-meta":"","header-main-stick-meta":"","header-below-stick-meta":"","astra-migrate-meta-layouts":"default","ast-page-background-enabled":"default","ast-page-background-meta":{"desktop":{"background-color":"var(--ast-global-color-4)","background-image":"","background-repeat":"repeat","background-position":"center center","background-size":"auto","background-attachment":"scroll","background-type":"","background-media":"","overlay-type":"","overlay-color":"","overlay-opacity":"","overlay-gradient":""},"tablet":{"background-color":"","background-image":"","background-repeat":"repeat","background-position":"center center","background-size":"auto","background-attachment":"scroll","background-type":"","background-media":"","overlay-type":"","overlay-color":"","overlay-opacity":"","overlay-gradient":""},"mobile":{"background-color":"","background-image":"","background-repeat":"repeat","background-position":"center center","background-size":"auto","background-attachment":"scroll","background-type":"","background-media":"","overlay-type":"","overlay-color":"","overlay-opacity":"","overlay-gradient":""}},"ast-content-background-meta":{"desktop":{"background-color":"var(--ast-global-color-5)","background-image":"","background-repeat":"repeat","background-position":"center center","background-size":"auto","background-attachment":"scroll","background-type":"","background-media":"","overlay-type":"","overlay-color":"","overlay-opacity":"","overlay-gradient":""},"tablet":{"background-color":"var(--ast-global-color-5)","background-image":"","background-repeat":"repeat","background-position":"center center","background-size":"auto","background-attachment":"scroll","background-type":"","background-media":"","overlay-type":"","overlay-color":"","overlay-opacity":"","overlay-gradient":""},"mobile":{"background-color":"var(--ast-global-color-5)","background-image":"","background-repeat":"repeat","background-position":"center center","background-size":"auto","background-attachment":"scroll","background-type":"","background-media":"","overlay-type":"","overlay-color":"","overlay-opacity":"","overlay-gradient":""}},"footnotes":""},"class_list":["post-252","page","type-page","status-publish","hentry"],"aioseo_notices":[],"_links":{"self":[{"href":"https:\/\/dominiodeprueba222.cloud\/index.php\/wp-json\/wp\/v2\/pages\/252","targetHints":{"allow":["GET"]}}],"collection":[{"href":"https:\/\/dominiodeprueba222.cloud\/index.php\/wp-json\/wp\/v2\/pages"}],"about":[{"href":"https:\/\/dominiodeprueba222.cloud\/index.php\/wp-json\/wp\/v2\/types\/page"}],"author":[{"embeddable":true,"href":"https:\/\/dominiodeprueba222.cloud\/index.php\/wp-json\/wp\/v2\/users\/1"}],"replies":[{"embeddable":true,"href":"https:\/\/dominiodeprueba222.cloud\/index.php\/wp-json\/wp\/v2\/comments?post=252"}],"version-history":[{"count":10,"href":"https:\/\/dominiodeprueba222.cloud\/index.php\/wp-json\/wp\/v2\/pages\/252\/revisions"}],"predecessor-version":[{"id":1325,"href":"https:\/\/dominiodeprueba222.cloud\/index.php\/wp-json\/wp\/v2\/pages\/252\/revisions\/1325"}],"wp:attachment":[{"href":"https:\/\/dominiodeprueba222.cloud\/index.php\/wp-json\/wp\/v2\/media?parent=252"}],"curies":[{"name":"wp","href":"https:\/\/api.w.org\/{rel}","templated":true}]}}